{"id":1269,"date":"2026-04-09T03:46:44","date_gmt":"2026-04-09T03:46:44","guid":{"rendered":"https:\/\/alveaproperties.com.mx\/?page_id=1269"},"modified":"2026-04-09T03:57:56","modified_gmt":"2026-04-09T03:57:56","slug":"sirenis-chan-101","status":"publish","type":"page","link":"https:\/\/alveaproperties.com.mx\/en\/sirenis-chan-101\/","title":{"rendered":"Sirenis Chan 101"},"content":{"rendered":"<div data-elementor-type=\"wp-page\" data-elementor-id=\"1269\" class=\"elementor elementor-1269\" data-elementor-post-type=\"page\">\n\t\t\t\t<div class=\"elementor-element elementor-element-33bf44c e-con-full e-flex wpr-particle-no wpr-jarallax-no wpr-parallax-no wpr-sticky-section-no e-con e-parent\" data-id=\"33bf44c\" data-element_type=\"container\" data-e-type=\"container\">\n\t\t<div class=\"elementor-element elementor-element-955f6aa e-flex e-con-boxed wpr-particle-no wpr-jarallax-no wpr-parallax-no wpr-sticky-section-no e-con e-child\" data-id=\"955f6aa\" data-element_type=\"container\" data-e-type=\"container\" data-settings=\"{&quot;background_background&quot;:&quot;classic&quot;,&quot;shape_divider_bottom&quot;:&quot;mountains&quot;}\">\n\t\t\t\t\t<div class=\"e-con-inner\">\n\t\t\t\t<div class=\"elementor-shape elementor-shape-bottom\" aria-hidden=\"true\" data-negative=\"false\">\n\t\t\t<svg xmlns=\"http:\/\/www.w3.org\/2000\/svg\" viewbox=\"0 0 1000 100\" preserveaspectratio=\"none\">\n\t<path class=\"elementor-shape-fill\" opacity=\"0.33\" d=\"M473,67.3c-203.9,88.3-263.1-34-320.3,0C66,119.1,0,59.7,0,59.7V0h1000v59.7 c0,0-62.1,26.1-94.9,29.3c-32.8,3.3-62.8-12.3-75.8-22.1C806,49.6,745.3,8.7,694.9,4.7S492.4,59,473,67.3z\"\/>\n\t<path class=\"elementor-shape-fill\" opacity=\"0.66\" d=\"M734,67.3c-45.5,0-77.2-23.2-129.1-39.1c-28.6-8.7-150.3-10.1-254,39.1 s-91.7-34.4-149.2,0C115.7,118.3,0,39.8,0,39.8V0h1000v36.5c0,0-28.2-18.5-92.1-18.5C810.2,18.1,775.7,67.3,734,67.3z\"\/>\n\t<path class=\"elementor-shape-fill\" d=\"M766.1,28.9c-200-57.5-266,65.5-395.1,19.5C242,1.8,242,5.4,184.8,20.6C128,35.8,132.3,44.9,89.9,52.5C28.6,63.7,0,0,0,0 h1000c0,0-9.9,40.9-83.6,48.1S829.6,47,766.1,28.9z\"\/>\n<\/svg>\t\t<\/div>\n\t\t\t\t<div class=\"elementor-element elementor-element-6bf73d9 elementor-widget elementor-widget-heading\" data-id=\"6bf73d9\" data-element_type=\"widget\" data-e-type=\"widget\" data-widget_type=\"heading.default\">\n\t\t\t\t\t<h4 class=\"elementor-heading-title elementor-size-default\">NUESTRAS PROPIEDADES<\/h4>\t\t\t\t<\/div>\n\t\t\t\t<div class=\"elementor-element elementor-element-74d6a31 elementor-widget elementor-widget-heading\" data-id=\"74d6a31\" data-element_type=\"widget\" data-e-type=\"widget\" data-widget_type=\"heading.default\">\n\t\t\t\t\t<h1 class=\"elementor-heading-title elementor-size-default\">SIRENIS CHAN 101<\/h1>\t\t\t\t<\/div>\n\t\t\t\t\t<\/div>\n\t\t\t\t<\/div>\n\t\t\t\t<\/div>\n\t\t<div class=\"elementor-element elementor-element-e326bd3 e-con-full e-flex wpr-particle-no wpr-jarallax-no wpr-parallax-no wpr-sticky-section-no e-con e-parent\" data-id=\"e326bd3\" data-element_type=\"container\" data-e-type=\"container\">\n\t\t<div class=\"elementor-element elementor-element-a022e7f e-flex e-con-boxed wpr-particle-no wpr-jarallax-no wpr-parallax-no wpr-sticky-section-no e-con e-child\" data-id=\"a022e7f\" data-element_type=\"container\" data-e-type=\"container\" data-settings=\"{&quot;background_background&quot;:&quot;classic&quot;}\">\n\t\t\t\t\t<div class=\"e-con-inner\">\n\t\t<div class=\"elementor-element elementor-element-14c3c25 e-con-full e-flex wpr-particle-no wpr-jarallax-no wpr-parallax-no wpr-sticky-section-no e-con e-child\" data-id=\"14c3c25\" data-element_type=\"container\" data-e-type=\"container\">\n\t\t\t\t<div class=\"elementor-element elementor-element-6112825 elementor-widget elementor-widget-image\" data-id=\"6112825\" data-element_type=\"widget\" data-e-type=\"widget\" data-widget_type=\"image.default\">\n\t\t\t\t\t\t\t\t\t\t\t\t\t\t\t<img fetchpriority=\"high\" decoding=\"async\" width=\"1024\" height=\"576\" src=\"https:\/\/alveaproperties.com.mx\/wp-content\/uploads\/2026\/04\/1-2-1024x576.jpg\" class=\"attachment-large size-large wp-image-1352\" alt=\"\" srcset=\"https:\/\/alveaproperties.com.mx\/wp-content\/uploads\/2026\/04\/1-2-1024x576.jpg 1024w, https:\/\/alveaproperties.com.mx\/wp-content\/uploads\/2026\/04\/1-2-300x169.jpg 300w, https:\/\/alveaproperties.com.mx\/wp-content\/uploads\/2026\/04\/1-2-768x432.jpg 768w, https:\/\/alveaproperties.com.mx\/wp-content\/uploads\/2026\/04\/1-2-1536x864.jpg 1536w, https:\/\/alveaproperties.com.mx\/wp-content\/uploads\/2026\/04\/1-2-2048x1152.jpg 2048w, https:\/\/alveaproperties.com.mx\/wp-content\/uploads\/2026\/04\/1-2-18x10.jpg 18w\" sizes=\"(max-width: 1024px) 100vw, 1024px\" \/>\t\t\t\t\t\t\t\t\t\t\t\t\t\t\t<\/div>\n\t\t\t\t<div class=\"elementor-element elementor-element-d5269c2 elementor-widget elementor-widget-gallery\" data-id=\"d5269c2\" data-element_type=\"widget\" data-e-type=\"widget\" data-settings=\"{&quot;lazyload&quot;:&quot;yes&quot;,&quot;gallery_layout&quot;:&quot;grid&quot;,&quot;columns&quot;:4,&quot;columns_tablet&quot;:2,&quot;columns_mobile&quot;:1,&quot;gap&quot;:{&quot;unit&quot;:&quot;px&quot;,&quot;size&quot;:10,&quot;sizes&quot;:[]},&quot;gap_tablet&quot;:{&quot;unit&quot;:&quot;px&quot;,&quot;size&quot;:10,&quot;sizes&quot;:[]},&quot;gap_mobile&quot;:{&quot;unit&quot;:&quot;px&quot;,&quot;size&quot;:10,&quot;sizes&quot;:[]},&quot;link_to&quot;:&quot;file&quot;,&quot;aspect_ratio&quot;:&quot;3:2&quot;,&quot;overlay_background&quot;:&quot;yes&quot;,&quot;content_hover_animation&quot;:&quot;fade-in&quot;}\" data-widget_type=\"gallery.default\">\n\t\t\t\t\t\t\t<div class=\"elementor-gallery__container\">\n\t\t\t\t\t\t\t<a class=\"e-gallery-item elementor-gallery-item elementor-animated-content\" href=\"https:\/\/alveaproperties.com.mx\/wp-content\/uploads\/2026\/04\/1-3-scaled.jpg\" data-elementor-open-lightbox=\"yes\" data-elementor-lightbox-slideshow=\"d5269c2\" data-elementor-lightbox-title=\"1\" data-e-action-hash=\"#elementor-action%3Aaction%3Dlightbox%26settings%3DeyJpZCI6MTM1MywidXJsIjoiaHR0cHM6XC9cL2FsdmVhcHJvcGVydGllcy5jb20ubXhcL3dwLWNvbnRlbnRcL3VwbG9hZHNcLzIwMjZcLzA0XC8xLTMtc2NhbGVkLmpwZyIsInNsaWRlc2hvdyI6ImQ1MjY5YzIifQ%3D%3D\">\n\t\t\t\t\t<div class=\"e-gallery-image elementor-gallery-item__image\" data-thumbnail=\"https:\/\/alveaproperties.com.mx\/wp-content\/uploads\/2026\/04\/1-3-300x169.jpg\" data-width=\"300\" data-height=\"169\" aria-label=\"\" role=\"img\" ><\/div>\n\t\t\t\t\t\t\t\t\t\t\t<div class=\"elementor-gallery-item__overlay\"><\/div>\n\t\t\t\t\t\t\t\t\t\t\t\t\t\t<\/a>\n\t\t\t\t\t\t\t<a class=\"e-gallery-item elementor-gallery-item elementor-animated-content\" href=\"https:\/\/alveaproperties.com.mx\/wp-content\/uploads\/2026\/04\/2-1-scaled.jpg\" data-elementor-open-lightbox=\"yes\" data-elementor-lightbox-slideshow=\"d5269c2\" data-elementor-lightbox-title=\"2\" data-e-action-hash=\"#elementor-action%3Aaction%3Dlightbox%26settings%3DeyJpZCI6MTM1NCwidXJsIjoiaHR0cHM6XC9cL2FsdmVhcHJvcGVydGllcy5jb20ubXhcL3dwLWNvbnRlbnRcL3VwbG9hZHNcLzIwMjZcLzA0XC8yLTEtc2NhbGVkLmpwZyIsInNsaWRlc2hvdyI6ImQ1MjY5YzIifQ%3D%3D\">\n\t\t\t\t\t<div class=\"e-gallery-image elementor-gallery-item__image\" data-thumbnail=\"https:\/\/alveaproperties.com.mx\/wp-content\/uploads\/2026\/04\/2-1-300x169.jpg\" data-width=\"300\" data-height=\"169\" aria-label=\"\" role=\"img\" ><\/div>\n\t\t\t\t\t\t\t\t\t\t\t<div class=\"elementor-gallery-item__overlay\"><\/div>\n\t\t\t\t\t\t\t\t\t\t\t\t\t\t<\/a>\n\t\t\t\t\t\t\t<a class=\"e-gallery-item elementor-gallery-item elementor-animated-content\" href=\"https:\/\/alveaproperties.com.mx\/wp-content\/uploads\/2026\/04\/3-1-scaled.jpg\" data-elementor-open-lightbox=\"yes\" data-elementor-lightbox-slideshow=\"d5269c2\" data-elementor-lightbox-title=\"3\" data-e-action-hash=\"#elementor-action%3Aaction%3Dlightbox%26settings%3DeyJpZCI6MTM1NSwidXJsIjoiaHR0cHM6XC9cL2FsdmVhcHJvcGVydGllcy5jb20ubXhcL3dwLWNvbnRlbnRcL3VwbG9hZHNcLzIwMjZcLzA0XC8zLTEtc2NhbGVkLmpwZyIsInNsaWRlc2hvdyI6ImQ1MjY5YzIifQ%3D%3D\">\n\t\t\t\t\t<div class=\"e-gallery-image elementor-gallery-item__image\" data-thumbnail=\"https:\/\/alveaproperties.com.mx\/wp-content\/uploads\/2026\/04\/3-1-300x169.jpg\" data-width=\"300\" data-height=\"169\" aria-label=\"\" role=\"img\" ><\/div>\n\t\t\t\t\t\t\t\t\t\t\t<div class=\"elementor-gallery-item__overlay\"><\/div>\n\t\t\t\t\t\t\t\t\t\t\t\t\t\t<\/a>\n\t\t\t\t\t\t\t<a class=\"e-gallery-item elementor-gallery-item elementor-animated-content\" href=\"https:\/\/alveaproperties.com.mx\/wp-content\/uploads\/2026\/04\/4-1-scaled.jpg\" data-elementor-open-lightbox=\"yes\" data-elementor-lightbox-slideshow=\"d5269c2\" data-elementor-lightbox-title=\"4\" data-e-action-hash=\"#elementor-action%3Aaction%3Dlightbox%26settings%3DeyJpZCI6MTM1NiwidXJsIjoiaHR0cHM6XC9cL2FsdmVhcHJvcGVydGllcy5jb20ubXhcL3dwLWNvbnRlbnRcL3VwbG9hZHNcLzIwMjZcLzA0XC80LTEtc2NhbGVkLmpwZyIsInNsaWRlc2hvdyI6ImQ1MjY5YzIifQ%3D%3D\">\n\t\t\t\t\t<div class=\"e-gallery-image elementor-gallery-item__image\" data-thumbnail=\"https:\/\/alveaproperties.com.mx\/wp-content\/uploads\/2026\/04\/4-1-300x169.jpg\" data-width=\"300\" data-height=\"169\" aria-label=\"\" role=\"img\" ><\/div>\n\t\t\t\t\t\t\t\t\t\t\t<div class=\"elementor-gallery-item__overlay\"><\/div>\n\t\t\t\t\t\t\t\t\t\t\t\t\t\t<\/a>\n\t\t\t\t\t\t\t<a class=\"e-gallery-item elementor-gallery-item elementor-animated-content\" href=\"https:\/\/alveaproperties.com.mx\/wp-content\/uploads\/2026\/04\/5-1-scaled.jpg\" data-elementor-open-lightbox=\"yes\" data-elementor-lightbox-slideshow=\"d5269c2\" data-elementor-lightbox-title=\"5\" data-e-action-hash=\"#elementor-action%3Aaction%3Dlightbox%26settings%3DeyJpZCI6MTM1NywidXJsIjoiaHR0cHM6XC9cL2FsdmVhcHJvcGVydGllcy5jb20ubXhcL3dwLWNvbnRlbnRcL3VwbG9hZHNcLzIwMjZcLzA0XC81LTEtc2NhbGVkLmpwZyIsInNsaWRlc2hvdyI6ImQ1MjY5YzIifQ%3D%3D\">\n\t\t\t\t\t<div class=\"e-gallery-image elementor-gallery-item__image\" data-thumbnail=\"https:\/\/alveaproperties.com.mx\/wp-content\/uploads\/2026\/04\/5-1-300x169.jpg\" data-width=\"300\" data-height=\"169\" aria-label=\"\" role=\"img\" ><\/div>\n\t\t\t\t\t\t\t\t\t\t\t<div class=\"elementor-gallery-item__overlay\"><\/div>\n\t\t\t\t\t\t\t\t\t\t\t\t\t\t<\/a>\n\t\t\t\t\t\t\t<a class=\"e-gallery-item elementor-gallery-item elementor-animated-content\" href=\"https:\/\/alveaproperties.com.mx\/wp-content\/uploads\/2026\/04\/6-1-scaled.jpg\" data-elementor-open-lightbox=\"yes\" data-elementor-lightbox-slideshow=\"d5269c2\" data-elementor-lightbox-title=\"6\" data-e-action-hash=\"#elementor-action%3Aaction%3Dlightbox%26settings%3DeyJpZCI6MTM1OCwidXJsIjoiaHR0cHM6XC9cL2FsdmVhcHJvcGVydGllcy5jb20ubXhcL3dwLWNvbnRlbnRcL3VwbG9hZHNcLzIwMjZcLzA0XC82LTEtc2NhbGVkLmpwZyIsInNsaWRlc2hvdyI6ImQ1MjY5YzIifQ%3D%3D\">\n\t\t\t\t\t<div class=\"e-gallery-image elementor-gallery-item__image\" data-thumbnail=\"https:\/\/alveaproperties.com.mx\/wp-content\/uploads\/2026\/04\/6-1-300x169.jpg\" data-width=\"300\" data-height=\"169\" aria-label=\"\" role=\"img\" ><\/div>\n\t\t\t\t\t\t\t\t\t\t\t<div class=\"elementor-gallery-item__overlay\"><\/div>\n\t\t\t\t\t\t\t\t\t\t\t\t\t\t<\/a>\n\t\t\t\t\t<\/div>\n\t\t\t\t\t<\/div>\n\t\t\t\t<div class=\"elementor-element elementor-element-4f7b142 elementor-widget-divider--view-line elementor-widget elementor-widget-divider\" data-id=\"4f7b142\" data-element_type=\"widget\" data-e-type=\"widget\" data-widget_type=\"divider.default\">\n\t\t\t\t\t\t\t<div class=\"elementor-divider\">\n\t\t\t<span class=\"elementor-divider-separator\">\n\t\t\t\t\t\t<\/span>\n\t\t<\/div>\n\t\t\t\t\t\t<\/div>\n\t\t\t\t<div class=\"elementor-element elementor-element-c7fb702 elementor-widget__width-initial elementor-widget elementor-widget-heading\" data-id=\"c7fb702\" data-element_type=\"widget\" data-e-type=\"widget\" data-widget_type=\"heading.default\">\n\t\t\t\t\t<h2 class=\"elementor-heading-title elementor-size-default\"><p>Descubre este departamento en Grand Sirenis, Akumal, ubicado en el exclusivo desarrollo Chan, en el coraz\u00f3n de la Riviera Maya. Una excelente oportunidad de inversi\u00f3n por USD $165,000 en una de las zonas m\u00e1s demandadas de Quintana Roo.<\/p>\n\n<p>Cuenta con 2 rec\u00e1maras con ba\u00f1o en suite, ofreciendo privacidad y comodidad. Su dise\u00f1o de una sola planta y ubicaci\u00f3n en esquina brindan mayor iluminaci\u00f3n y vistas a la selva y alberca desde su amplia terraza.<\/p>\n\n<p>Se entrega completamente amueblado y equipado con aire acondicionado, ventiladores de techo y todos los servicios necesarios para habitar o rentar de inmediato.<\/p>\n\n<p>El desarrollo ofrece acceso a amenidades exclusivas, playa y un entorno natural privilegiado. Adem\u00e1s, cuenta con estacionamiento asignado, mantenimiento accesible y todos los servicios b\u00e1sicos incluidos.<\/p>\n\n<p>Ideal para inversi\u00f3n en rentas vacacionales o como casa de descanso en el Caribe mexicano.<\/p><\/h2>\t\t\t\t<\/div>\n\t\t\t\t<\/div>\n\t\t<div class=\"elementor-element elementor-element-7bb21ad e-con-full e-flex wpr-particle-no wpr-jarallax-no wpr-parallax-no wpr-sticky-section-no e-con e-child\" data-id=\"7bb21ad\" data-element_type=\"container\" data-e-type=\"container\">\n\t\t\t\t<div class=\"elementor-element elementor-element-18408fd elementor-widget elementor-widget-heading\" data-id=\"18408fd\" data-element_type=\"widget\" data-e-type=\"widget\" data-widget_type=\"heading.default\">\n\t\t\t\t\t<h6 class=\"elementor-heading-title elementor-size-default\">Quintana Roo | Solidaridad | Grand Sirenis<\/h6>\t\t\t\t<\/div>\n\t\t\t\t<div class=\"elementor-element elementor-element-6ea1231 elementor-widget elementor-widget-heading\" data-id=\"6ea1231\" data-element_type=\"widget\" data-e-type=\"widget\" data-widget_type=\"heading.default\">\n\t\t\t\t\t<h3 class=\"elementor-heading-title elementor-size-default\">SIRENIS CHAN 101<\/h3>\t\t\t\t<\/div>\n\t\t\t\t<div class=\"elementor-element elementor-element-c1f85d6 elementor-widget-divider--view-line elementor-widget elementor-widget-divider\" data-id=\"c1f85d6\" data-element_type=\"widget\" data-e-type=\"widget\" data-widget_type=\"divider.default\">\n\t\t\t\t\t\t\t<div class=\"elementor-divider\">\n\t\t\t<span class=\"elementor-divider-separator\">\n\t\t\t\t\t\t<\/span>\n\t\t<\/div>\n\t\t\t\t\t\t<\/div>\n\t\t\t\t<div class=\"elementor-element elementor-element-deaf2ea elementor-widget__width-initial elementor-widget elementor-widget-heading\" data-id=\"deaf2ea\" data-element_type=\"widget\" data-e-type=\"widget\" data-widget_type=\"heading.default\">\n\t\t\t\t\t<p class=\"elementor-heading-title elementor-size-default\">SUPERFICIES Y MEDIDAS<\/p>\t\t\t\t<\/div>\n\t\t\t\t<div class=\"elementor-element elementor-element-547fb53 elementor-widget__width-initial elementor-widget elementor-widget-heading\" data-id=\"547fb53\" data-element_type=\"widget\" data-e-type=\"widget\" data-widget_type=\"heading.default\">\n\t\t\t\t\t<p class=\"elementor-heading-title elementor-size-default\"><p><strong>Total construido:<\/strong> 100.75 m\u00b2<\/p><\/p>\t\t\t\t<\/div>\n\t\t\t\t<div class=\"elementor-element elementor-element-37f3353 elementor-widget__width-initial elementor-widget elementor-widget-heading\" data-id=\"37f3353\" data-element_type=\"widget\" data-e-type=\"widget\" data-widget_type=\"heading.default\">\n\t\t\t\t\t<p class=\"elementor-heading-title elementor-size-default\">INFORMACI\u00d3N GENERAL:\n<ul style=\"padding-left:0\">\n<li><strong>Rec\u00e1maras:<\/strong> 2<\/li>\n<li><strong>Ba\u00f1os:<\/strong> 2<\/li>\n<li><strong>Comedor:<\/strong> 1<\/li>\n\n<li><strong>Estacionamiento:<\/strong> 1<\/li>\n<li><strong>Estacionamiento descubierto:<\/strong> 1<\/li>\n<li><strong>Salas comunes:<\/strong> 2<\/li>\n\n<li><strong>TV room:<\/strong> 1<\/li>\n<li><strong>Condici\u00f3n:<\/strong> Bueno<\/li>\n<li><strong>Disposici\u00f3n:<\/strong> Esquina<\/li>\n\n<li><strong>Pisos en el edificio:<\/strong> 4<\/li>\n<li><strong>Antig\u00fcedad:<\/strong> 9 a\u00f1os<\/li>\n<\/ul><\/p>\t\t\t\t<\/div>\n\t\t\t\t<div class=\"elementor-element elementor-element-9c93b22 elementor-widget-divider--view-line elementor-widget elementor-widget-divider\" data-id=\"9c93b22\" data-element_type=\"widget\" data-e-type=\"widget\" data-widget_type=\"divider.default\">\n\t\t\t\t\t\t\t<div class=\"elementor-divider\">\n\t\t\t<span class=\"elementor-divider-separator\">\n\t\t\t\t\t\t<\/span>\n\t\t<\/div>\n\t\t\t\t\t\t<\/div>\n\t\t\t\t<div class=\"elementor-element elementor-element-a04aee2 elementor-widget__width-initial elementor-widget elementor-widget-heading\" data-id=\"a04aee2\" data-element_type=\"widget\" data-e-type=\"widget\" data-widget_type=\"heading.default\">\n\t\t\t\t\t<p class=\"elementor-heading-title elementor-size-default\">\ud83d\udccd UBICACI\u00d3N\n\n<p>Tulum Country Club<br>Akumal, Quintana Roo<\/p><\/p>\t\t\t\t<\/div>\n\t\t\t\t<div class=\"elementor-element elementor-element-c79a8a9 elementor-widget-divider--view-line elementor-widget elementor-widget-divider\" data-id=\"c79a8a9\" data-element_type=\"widget\" data-e-type=\"widget\" data-widget_type=\"divider.default\">\n\t\t\t\t\t\t\t<div class=\"elementor-divider\">\n\t\t\t<span class=\"elementor-divider-separator\">\n\t\t\t\t\t\t<\/span>\n\t\t<\/div>\n\t\t\t\t\t\t<\/div>\n\t\t\t\t<div class=\"elementor-element elementor-element-2579863 elementor-widget__width-initial elementor-widget elementor-widget-heading\" data-id=\"2579863\" data-element_type=\"widget\" data-e-type=\"widget\" data-widget_type=\"heading.default\">\n\t\t\t\t\t<p class=\"elementor-heading-title elementor-size-default\"><p><strong>VENTA<\/strong> USD 165,000<br>\n<strong>RENTA<\/strong> USD 1,000 | MXN 17,000<\/p><\/p>\t\t\t\t<\/div>\n\t\t\t\t<\/div>\n\t\t\t\t\t<\/div>\n\t\t\t\t<\/div>\n\t\t\t\t<\/div>\n\t\t<div class=\"elementor-element elementor-element-474a73a e-flex e-con-boxed wpr-particle-no wpr-jarallax-no wpr-parallax-no wpr-sticky-section-no e-con e-parent\" data-id=\"474a73a\" data-element_type=\"container\" data-e-type=\"container\" data-settings=\"{&quot;background_background&quot;:&quot;classic&quot;}\">\n\t\t\t\t\t<div class=\"e-con-inner\">\n\t\t\t\t<div class=\"elementor-element elementor-element-b40a335 elementor-widget elementor-widget-google_maps\" data-id=\"b40a335\" data-element_type=\"widget\" data-e-type=\"widget\" data-widget_type=\"google_maps.default\">\n\t\t\t\t\t\t\t<div class=\"elementor-custom-embed\">\n\t\t\t<iframe loading=\"lazy\"\n\t\t\t\t\tsrc=\"https:\/\/maps.google.com\/maps?q=Grand%20Sirenis%20Riviera%20Maya%2C%20Akumal&#038;t=m&#038;z=10&#038;output=embed&#038;iwloc=near\"\n\t\t\t\t\ttitle=\"Grand Sirenis Riviera Maya, Akumal\"\n\t\t\t\t\taria-label=\"Grand Sirenis Riviera Maya, Akumal\"\n\t\t\t><\/iframe>\n\t\t<\/div>\n\t\t\t\t\t\t<\/div>\n\t\t\t\t\t<\/div>\n\t\t\t\t<\/div>\n\t\t<div class=\"elementor-element elementor-element-fcc278e e-flex e-con-boxed wpr-particle-no wpr-jarallax-no wpr-parallax-no wpr-sticky-section-no e-con e-parent\" data-id=\"fcc278e\" data-element_type=\"container\" data-e-type=\"container\">\n\t\t\t\t\t<div class=\"e-con-inner\">\n\t\t\t\t<div class=\"elementor-element elementor-element-0a5f04a elementor-widget-divider--view-line elementor-widget elementor-widget-divider\" data-id=\"0a5f04a\" data-element_type=\"widget\" data-e-type=\"widget\" data-widget_type=\"divider.default\">\n\t\t\t\t\t\t\t<div class=\"elementor-divider\">\n\t\t\t<span class=\"elementor-divider-separator\">\n\t\t\t\t\t\t<\/span>\n\t\t<\/div>\n\t\t\t\t\t\t<\/div>\n\t\t\t\t\t<\/div>\n\t\t\t\t<\/div>\n\t\t<div class=\"elementor-element elementor-element-28bfd52 e-con-full e-flex wpr-particle-no wpr-jarallax-no wpr-parallax-no wpr-sticky-section-no e-con e-parent\" data-id=\"28bfd52\" data-element_type=\"container\" data-e-type=\"container\">\n\t\t<div class=\"elementor-element elementor-element-f822990 e-flex e-con-boxed wpr-particle-no wpr-jarallax-no wpr-parallax-no wpr-sticky-section-no e-con e-child\" data-id=\"f822990\" data-element_type=\"container\" data-e-type=\"container\" data-settings=\"{&quot;background_background&quot;:&quot;classic&quot;}\">\n\t\t\t\t\t<div class=\"e-con-inner\">\n\t\t<div class=\"elementor-element elementor-element-ff786df e-con-full e-flex wpr-particle-no wpr-jarallax-no wpr-parallax-no wpr-sticky-section-no e-con e-child\" data-id=\"ff786df\" data-element_type=\"container\" data-e-type=\"container\" data-settings=\"{&quot;background_background&quot;:&quot;classic&quot;}\">\n\t\t\t\t<div class=\"elementor-element elementor-element-c6ca778 elementor-widget elementor-widget-heading\" data-id=\"c6ca778\" data-element_type=\"widget\" data-e-type=\"widget\" data-widget_type=\"heading.default\">\n\t\t\t\t\t<h6 class=\"elementor-heading-title elementor-size-default\"><span>CONT\u00c1CTANOS<\/span><\/h6>\t\t\t\t<\/div>\n\t\t\t\t<div class=\"elementor-element elementor-element-20537e3 elementor-widget elementor-widget-heading\" data-id=\"20537e3\" data-element_type=\"widget\" data-e-type=\"widget\" data-widget_type=\"heading.default\">\n\t\t\t\t\t<h3 class=\"elementor-heading-title elementor-size-default\"><h3 data-elementor-setting-key=\"title\" data-pen-placeholder=\"Teclea aqu\u00ed...\" style=\"font-size: 2.10526rem;font-style: normal\">Comienza tu experiencia en la Riviera Maya<span style=\"font-size: 2.10526rem;font-style: inherit\"><\/span><\/h3><\/h3>\t\t\t\t<\/div>\n\t\t\t\t<div class=\"elementor-element elementor-element-d623106 elementor-widget-divider--view-line elementor-widget elementor-widget-divider\" data-id=\"d623106\" data-element_type=\"widget\" data-e-type=\"widget\" data-widget_type=\"divider.default\">\n\t\t\t\t\t\t\t<div class=\"elementor-divider\">\n\t\t\t<span class=\"elementor-divider-separator\">\n\t\t\t\t\t\t<\/span>\n\t\t<\/div>\n\t\t\t\t\t\t<\/div>\n\t\t\t\t<\/div>\n\t\t\t\t\t<\/div>\n\t\t\t\t<\/div>\n\t\t\t\t<\/div>\n\t\t\t\t<\/div>","protected":false},"excerpt":{"rendered":"<p>NUESTRAS PROPIEDADES SIRENIS CHAN 101 Descubre este departamento en Grand Sirenis, Akumal, ubicado en el exclusivo desarrollo Chan, en el coraz\u00f3n de la Riviera Maya. Una excelente oportunidad de inversi\u00f3n por USD $165,000 en una de las zonas m\u00e1s demandadas de Quintana Roo. Cuenta con 2 rec\u00e1maras con ba\u00f1o en suite, ofreciendo privacidad y comodidad. Su dise\u00f1o de una sola planta y ubicaci\u00f3n en esquina brindan mayor iluminaci\u00f3n y vistas a la selva y alberca desde su amplia terraza. Se entrega completamente amueblado y equipado con aire acondicionado, ventiladores de techo y todos los servicios necesarios para habitar o rentar de inmediato. El desarrollo ofrece acceso a amenidades exclusivas, playa y un entorno natural privilegiado. Adem\u00e1s, cuenta con estacionamiento asignado, mantenimiento accesible y todos los servicios b\u00e1sicos incluidos. Ideal para inversi\u00f3n en rentas vacacionales o como casa de descanso en el Caribe mexicano. Quintana Roo | Solidaridad | Grand Sirenis SIRENIS CHAN 101 SUPERFICIES Y MEDIDAS Total construido: 100.75 m\u00b2 INFORMACI\u00d3N GENERAL: Rec\u00e1maras: 2 Ba\u00f1os: 2 Comedor: 1 Estacionamiento: 1 Estacionamiento descubierto: 1 Salas comunes: 2 TV room: 1 Condici\u00f3n: Bueno Disposici\u00f3n: Esquina Pisos en el edificio: 4 Antig\u00fcedad: 9 a\u00f1os \ud83d\udccd UBICACI\u00d3N Tulum Country ClubAkumal, Quintana Roo VENTA USD 165,000 RENTA USD 1,000 | MXN 17,000 CONT\u00c1CTANOS Comienza tu experiencia en la Riviera Maya<\/p>","protected":false},"author":1,"featured_media":0,"parent":0,"menu_order":0,"comment_status":"closed","ping_status":"closed","template":"","meta":{"site-sidebar-layout":"no-sidebar","site-content-layout":"page-builder","ast-site-content-layout":"full-width-container","site-content-style":"unboxed","site-sidebar-style":"unboxed","ast-global-header-display":"","ast-banner-title-visibility":"disabled","ast-main-header-display":"","ast-hfb-above-header-display":"","ast-hfb-below-header-display":"","ast-hfb-mobile-header-display":"","site-post-title":"disabled","ast-breadcrumbs-content":"","ast-featured-img":"disabled","footer-sml-layout":"","ast-disable-related-posts":"","theme-transparent-header-meta":"enabled","adv-header-id-meta":"","stick-header-meta":"","header-above-stick-meta":"","header-main-stick-meta":"","header-below-stick-meta":"","astra-migrate-meta-layouts":"set","ast-page-background-enabled":"default","ast-page-background-meta":{"desktop":{"background-color":"var(--ast-global-color-5)","background-image":"","background-repeat":"repeat","background-position":"center center","background-size":"auto","background-attachment":"scroll","background-type":"","background-media":"","overlay-type":"","overlay-color":"","overlay-opacity":"","overlay-gradient":""},"tablet":{"background-color":"","background-image":"","background-repeat":"repeat","background-position":"center center","background-size":"auto","background-attachment":"scroll","background-type":"","background-media":"","overlay-type":"","overlay-color":"","overlay-opacity":"","overlay-gradient":""},"mobile":{"background-color":"","background-image":"","background-repeat":"repeat","background-position":"center center","background-size":"auto","background-attachment":"scroll","background-type":"","background-media":"","overlay-type":"","overlay-color":"","overlay-opacity":"","overlay-gradient":""}},"ast-content-background-meta":{"desktop":{"background-color":"var(--ast-global-color-4)","background-image":"","background-repeat":"repeat","background-position":"center center","background-size":"auto","background-attachment":"scroll","background-type":"","background-media":"","overlay-type":"","overlay-color":"","overlay-opacity":"","overlay-gradient":""},"tablet":{"background-color":"var(--ast-global-color-4)","background-image":"","background-repeat":"repeat","background-position":"center center","background-size":"auto","background-attachment":"scroll","background-type":"","background-media":"","overlay-type":"","overlay-color":"","overlay-opacity":"","overlay-gradient":""},"mobile":{"background-color":"var(--ast-global-color-4)","background-image":"","background-repeat":"repeat","background-position":"center center","background-size":"auto","background-attachment":"scroll","background-type":"","background-media":"","overlay-type":"","overlay-color":"","overlay-opacity":"","overlay-gradient":""}},"_joinchat":[],"footnotes":""},"class_list":["post-1269","page","type-page","status-publish","hentry"],"_hostinger_reach_plugin_has_subscription_block":false,"_hostinger_reach_plugin_is_elementor":false,"_links":{"self":[{"href":"https:\/\/alveaproperties.com.mx\/en\/wp-json\/wp\/v2\/pages\/1269","targetHints":{"allow":["GET"]}}],"collection":[{"href":"https:\/\/alveaproperties.com.mx\/en\/wp-json\/wp\/v2\/pages"}],"about":[{"href":"https:\/\/alveaproperties.com.mx\/en\/wp-json\/wp\/v2\/types\/page"}],"author":[{"embeddable":true,"href":"https:\/\/alveaproperties.com.mx\/en\/wp-json\/wp\/v2\/users\/1"}],"replies":[{"embeddable":true,"href":"https:\/\/alveaproperties.com.mx\/en\/wp-json\/wp\/v2\/comments?post=1269"}],"version-history":[{"count":7,"href":"https:\/\/alveaproperties.com.mx\/en\/wp-json\/wp\/v2\/pages\/1269\/revisions"}],"predecessor-version":[{"id":1361,"href":"https:\/\/alveaproperties.com.mx\/en\/wp-json\/wp\/v2\/pages\/1269\/revisions\/1361"}],"wp:attachment":[{"href":"https:\/\/alveaproperties.com.mx\/en\/wp-json\/wp\/v2\/media?parent=1269"}],"curies":[{"name":"wp","href":"https:\/\/api.w.org\/{rel}","templated":true}]}}